{"id":374,"date":"2022-05-05T14:55:50","date_gmt":"2022-05-05T12:55:50","guid":{"rendered":"https:\/\/meblarnica.pl\/?page_id=374"},"modified":"2023-02-08T15:26:16","modified_gmt":"2023-02-08T14:26:16","slug":"oferta-2","status":"publish","type":"page","link":"https:\/\/meblarnica.pl\/?page_id=374","title":{"rendered":"OFERTA"},"content":{"rendered":"\n<p><strong>Oferujemy us\u0142ugi projektowe<\/strong> wn\u0119trz pomieszcze\u0144 mieszkalnych i u\u017cytkowych, tj. salonu, sypialni, kuchni, \u0142azienki oraz ka\u017cdego, kt\u00f3rego realizacj\u0119 sobie wymarzy\u0142e\u015b.<\/p>\n\n\n\n<div class=\"wp-block-group is-layout-flex wp-block-group-is-layout-flex\">\n<hr class=\"wp-block-separator has-css-opacity\"\/>\n<\/div>\n\n\n\n<div style=\"height:10px\" aria-hidden=\"true\" class=\"wp-block-spacer\"><\/div>\n\n\n\n<p class=\"has-text-align-left\">W zale\u017cno\u015bci od Twoich potrzeb mo\u017cemy wykona\u0107 od prostego projektu w postaci zwymiarowanych rzut\u00f3w, do pe\u0142nej aran\u017cacji wn\u0119trz wraz z wizualizacjami. Ka\u017cdy etap prac projektowych, a p\u00f3\u017aniej wykonawczych, mo\u017cemy nadzorowa\u0107. <\/p>\n\n\n\n<div style=\"height:10px\" aria-hidden=\"true\" class=\"wp-block-spacer\"><\/div>\n\n\n\n<p class=\"has-text-align-left\">Od Ciebie zale\u017cy, jak dalekiej pomocy w realizacji swojego projektu oczekujesz. <\/p>\n\n\n\n<div style=\"height:10px\" aria-hidden=\"true\" class=\"wp-block-spacer\"><\/div>\n\n\n\n<div style=\"height:10px\" aria-hidden=\"true\" class=\"wp-block-spacer\"><\/div>\n\n\n\n<p>Czas, jaki jeste\u015bmy na rynku &#8211; <strong>dzia\u0142amy od 2016 roku<\/strong> &#8211; pozwoli\u0142 nam na tyle dobrze pozna\u0107 rynek mebli na \u015al\u0105sku i nie tylko, \u017ce, na podstawie zdobytego do\u015bwiadczenia, mo\u017cemy poleci\u0107 odpowiednie materia\u0142y, sprz\u0119t, a tak\u017ce wykonawc\u00f3w poszczeg\u00f3lnych etap\u00f3w realizacji wykonania projektu. <\/p>\n\n\n\n<div style=\"height:10px\" aria-hidden=\"true\" class=\"wp-block-spacer\"><\/div>\n\n\n\n<p>Naszym atutem jest tak\u017ce konkurencyjno\u015b\u0107 cenowa oraz szybkie terminy realizacji. <strong>Ceny<\/strong> projekt\u00f3w zaczynaj\u0105 si\u0119 od <strong>35 z\u0142 netto\/m2<\/strong> projektowanej powierzchni, a <strong>czas wykonania<\/strong> zlecenia to <strong>2 dni robocze<\/strong> przy projekcie pojedynczego pomieszczenia.<\/p>\n\n\n\n<div style=\"height:10px\" aria-hidden=\"true\" class=\"wp-block-spacer\"><\/div>\n\n\n\n<p>A wi\u0119c je\u015bli jeste\u015b szcz\u0119\u015bliwym posiadaczem w\u0142asnych czterech k\u0105t\u00f3w, lub je\u015bli jeste\u015b producentem czy wykonawc\u0105 mebli do wn\u0119trz i potrzebujesz szybkiej i rzetelnej us\u0142ugi projektowej, zg\u0142o\u015b si\u0119 do nas.<\/p>\n\n\n\n<div style=\"height:10px\" aria-hidden=\"true\" class=\"wp-block-spacer\"><\/div>\n\n\n\n<p><a rel=\"noreferrer noopener\" href=\"https:\/\/meblarnica.pl\/?page_id=64\" data-type=\"URL\" data-id=\"https:\/\/meblarnica.pl\/?page_id=64\" target=\"_blank\">WSP\u00d3\u0141PRACA<\/a><\/p>\n\n\n\n<p><\/p>\n","protected":false},"excerpt":{"rendered":"<p>Oferujemy us\u0142ugi projektowe wn\u0119trz pomieszcze\u0144 mieszkalnych i u\u017cytkowych, tj. salonu, sypialni, kuchni, \u0142azienki oraz ka\u017cdego, kt\u00f3rego realizacj\u0119 sobie wymarzy\u0142e\u015b. W zale\u017cno\u015bci od Twoich potrzeb mo\u017cemy wykona\u0107 od prostego projektu w postaci zwymiarowanych rzut\u00f3w, do pe\u0142nej aran\u017cacji wn\u0119trz wraz z wizualizacjami. Ka\u017cdy etap prac projektowych, a p\u00f3\u017aniej wykonawczych, mo\u017cemy nadzorowa\u0107. Od Ciebie zale\u017cy, jak dalekiej pomocy [&hellip;]<\/p>\n","protected":false},"author":1,"featured_media":0,"parent":0,"menu_order":0,"comment_status":"closed","ping_status":"closed","template":"","meta":{"footnotes":""},"class_list":["post-374","page","type-page","status-publish","hentry"],"jetpack_sharing_enabled":true,"_links":{"self":[{"href":"https:\/\/meblarnica.pl\/index.php?rest_route=\/wp\/v2\/pages\/374","targetHints":{"allow":["GET"]}}],"collection":[{"href":"https:\/\/meblarnica.pl\/index.php?rest_route=\/wp\/v2\/pages"}],"about":[{"href":"https:\/\/meblarnica.pl\/index.php?rest_route=\/wp\/v2\/types\/page"}],"author":[{"embeddable":true,"href":"https:\/\/meblarnica.pl\/index.php?rest_route=\/wp\/v2\/users\/1"}],"replies":[{"embeddable":true,"href":"https:\/\/meblarnica.pl\/index.php?rest_route=%2Fwp%2Fv2%2Fcomments&post=374"}],"version-history":[{"count":27,"href":"https:\/\/meblarnica.pl\/index.php?rest_route=\/wp\/v2\/pages\/374\/revisions"}],"predecessor-version":[{"id":431,"href":"https:\/\/meblarnica.pl\/index.php?rest_route=\/wp\/v2\/pages\/374\/revisions\/431"}],"wp:attachment":[{"href":"https:\/\/meblarnica.pl\/index.php?rest_route=%2Fwp%2Fv2%2Fmedia&parent=374"}],"curies":[{"name":"wp","href":"https:\/\/api.w.org\/{rel}","templated":true}]}}